{"id":1353,"date":"2024-10-21T11:43:06","date_gmt":"2024-10-21T11:43:06","guid":{"rendered":"http:\/\/pubelesmart.ro\/oferta-rate-oney\/"},"modified":"2024-10-21T11:43:06","modified_gmt":"2024-10-21T11:43:06","slug":"oferta-rate-oney","status":"publish","type":"page","link":"https:\/\/pubelesmart.ro\/en\/oferta-rate-oney\/","title":{"rendered":"Oferta Rate Oney"},"content":{"rendered":"<div id=\"oney-netopia-info-section\"><h3>Cum po\u021bi pl\u0103ti \u00een 3-4 rate prin Oney?<\/h3>\n        <div class=\"landing-page-oney-netopia-images-container\">\n        <img decoding=\"async\" src=\"https:\/\/pubelesmart.ro\/wp-content\/plugins\/netopia-payments-payment-gateway\/img\/oney-pasul-1.png\">\n        <img decoding=\"async\" src=\"https:\/\/pubelesmart.ro\/wp-content\/plugins\/netopia-payments-payment-gateway\/img\/oney-pasul-2.png\">\n        <img decoding=\"async\" src=\"https:\/\/pubelesmart.ro\/wp-content\/plugins\/netopia-payments-payment-gateway\/img\/oney-pasul-3.png\">\n        <img decoding=\"async\" src=\"https:\/\/pubelesmart.ro\/wp-content\/plugins\/netopia-payments-payment-gateway\/img\/oney-pasul-4.png\">\n        <\/div><h3>CE ESTE SOLU\u021aIA 3X4X ONEY?<\/h3>\n    <p>Aceast\u0103 metod\u0103 de plat\u0103 presupune plata co\u0219ului de cump\u0103r\u0103turi \u00een <strong>3 sau 4 rate<\/strong> cu un <strong>card de DEBIT<\/strong>, \u0219i este oferit\u0103 f\u0103r\u0103 costuri (dob\u00e2nd\u0103 0%).<\/p>\n    <p><strong><sup>**<\/sup>Foarte important:<\/strong><\/p>\n    <ul>\n        <li>Prima rat\u0103 se achit\u0103 pe loc, deci trebuie s\u0103 ave\u021bi disponibil\u0103 suma primei rate pe card<\/li>\n        <li>Cardul trebuie s\u0103 nu expire p\u00e2n\u0103 la achitarea ratelor<\/li>\n    <\/ul>\n    <h3>CINE POATE BENEFICIA DE SOLU\u021aIA DE CREDITARE 3X4X ONEY?<\/h3>\n    <p>Solu\u021bia 3x4x Oney este dedicat\u0103 doar persoanelor fizice, majore \u0219i rezidente \u00een Rom\u00e2nia<\/p>\n    <h3>CE CARDURI SUNT ACCEPTATE?<\/h3>\n    <p>Sunt acceptate cardurile de DEBIT Visa \u0219i MasterCard, emise de b\u0103ncile sau institu\u021biile financiare din Rom\u00e2nia.<\/p>\n    <p>Nu sunt acceptate:<\/p>\n    <ul>\n        <li>Carduri prepl\u0103tite, virtuale sau carduri emise \u00een alt\u0103 \u021bar\u0103<\/li>\n        <li>Carduri de credit<\/li>\n        <li>Carduri business (emise pentru persoanele juridice)<\/li>\n        <li>Cardurile Revolut, cardurile Visa Electron sau Maestro<\/li>\n    <\/ul>\n    <h3>CE DOCUMENTE SUNT NECESARE?<\/h3>\n    <p>Pentru a utiliza aceast\u0103 solu\u021bie de creditare, nu ave\u021bi nevoie de niciun document, ci doar de un card de debit.<\/p>\n    <p>Nu solicit\u0103m o justificare a venitului lunar \u00eencasat de dumneavoastr\u0103.<\/p>\n    <h3>CUM POT BENEFICIA DE SOLU\u021aIA DE CREDITARE 3X4X ONEY?<\/h3>\n    <ol>\n        <li>Adaugi produsele dorite \u00een co\u0219<\/li>\n        <li>Alegi op\u021biune de plat\u0103 3X4X ONEY prin Netopia la check-out<\/li>\n        <li>Ape\u0219i butonul \"Timite comanda\"<\/li>\n        <li>\u00cen pagina de plat\u0103 Netopia, vei bifa plata prin Oney (sus \u00een partea dreapt\u0103) \u0219i vei fi redirec\u021bionat c\u0103tre pagina de plat\u0103 Oney, unde completezi datele solicitate.<\/li>\n    <\/ol>\n    <h3>Termeni si conditii<\/h3>\n     <p>Solu\u021biile de Creditare Oney (3xOney si 4xOney) sunt furnizate de Oney Bank persoanelor fizice eligibile gratuit, fiind rambursabile \u00een maximum 60 de zile (pentru 3xOney) sau 90 de zile, dar nu mai mult de 3 luni (pentru 4xOney).<\/p>\n    <p>Exemplu reprezentativ pentru 3x Oney cu titlu gratuit :<\/p>\n    <p>Pentru un credit de 900 de lei acordat prin 3x Oney pentru achizi\u021bii de pe <strong>pubelesmart.ro<\/strong>, clientul va pl\u0103ti urm\u0103toarele sume :<\/p>\n    <ul>\n        <li>o rat\u0103 ini\u021bial\u0103 de 300 lei, apoi<\/li>\n        <li>2 rate lunare de 300 lei fiecare, care se ramburseaz\u0103 la fiecare 30 de zile de la plata ratei ini\u021biale.<\/li>\n    <\/ul>\n    <p>Pentru un credit rambursat \u00een termen de 60 de zile, rata dob\u00e2nzii fixe este 0%, iar dob\u00e2nda anuala efectiva (DAE) este 0%. Ob\u021binerea creditului pentru client este gratuit\u0103, iar valoarea total\u0103 a creditului este de 900 lei.<\/p>\n    <p>Exemplu pentru 4x Oney cu titlu gratuit :<\/p>\n    <p>Pentru un credit de 1.600 de lei acordat prin 4x Oney pentru achizi\u021bii de pe <strong>pubelesmart.ro<\/strong>, clientul va pl\u0103ti urm\u0103toarele sume :<\/p>\n    <ul>\n        <li>o rat\u0103 ini\u021bial\u0103 de 400 lei, apoi<\/li>\n        <li>3 rate lunare de 400 lei fiecare, care se ramburseaz\u0103 la fiecare 30 de zile de la plata ratei ini\u021biale.<\/li>\n    <\/ul>\n    <p>Pentru un credit rambursat \u00een termen de 90 de zile (\u0219i nu mai mult de 3 luni), rata dob\u00e2nzii fixe este 0% \u0219i dob\u00e2nda anuala efectiva (DAE) este 0%. Ob\u021binerea creditului pentru client este gratuit\u0103, iar valoarea total\u0103 a creditului este de 1.600 lei.<\/p>\n    <p>Acesta reprezint\u0103 exemplu indicativ pentru o solu\u021bie de creditare. Informa\u021biile finale vor fi indicate \u00een e-mailul de confirmare incluz\u00e2nd graficul de rambursare final. Informa\u021biile prezentate \u00een simulatorul de credit sunt orientative \u0219i nu reprezint\u0103 o obliga\u021bie contractual\u0103 a Oney Bank de a furniza o Solu\u021bie de Creditare Oney. Valoarea maxim\u0103 a creditului pe care \u00eel pute\u021bi primi va fi determinat pe baza informa\u021biilor furnizate de dvs. \u0218i va fi supus evalu\u0103rii interne a Oney Bank.<\/p>\n    <p>Prevederile OUG nr. 50\/2010 nu se aplic\u0103 Solu\u021biilor de Creditare Oney, care r\u0103m\u00e2n supuse legisla\u021biei generale privind protec\u021bia consumatorilor, incluz\u00e2nd, dar f\u0103r\u0103 a se limita la Ordonan\u021ba de Guvern nr. 85\/2004 privind protec\u021bia consumatorilor la \u00eencheierea \u015fi executarea contractelor la distan\u021b\u0103 privind serviciile financiare (\u201cOUG nr. 85\/2004\u201d). Conform OUG nr. 85\/2004 beneficia\u021bi de un termen de 14 zile calendaristice pentru a v\u0103 retrage din contractul de credit \u00eencep\u00e2nd cu data \u00eencheierii contractului de credit. Contractul de credit se consider\u0103 a fi \u00eencheiat la data recep\u021bionarii e-mailului de confirmare, sub rezerva accept\u0103rii electronice (prin bifarea c\u0103su\u021bei electronice) de c\u0103tre dvs., a Termenilor \u0219i Condi\u021biilor Generale aplicabile acord\u0103rii online a Solu\u021biilor de Creditare Oney (3xOney \u0219i 4xOney) (\u201cTermenii \u0219i Condi\u021biile Generale\u201d) \u0219i a solicit\u0103rii creditului de c\u0103tre dvs. prin click pe butonul \u201cPlata \u00een rate\u201d pe website-ul a Oney Bank.<\/p>\n    <p>\u00cendeplinirea tuturor criteriilor de eligibilitate pentru acordarea Solu\u021biilor de Creditare Oney, men\u021bionate \u00een Termenii si Condi\u021biile Generale, nu v\u0103 confer\u0103 \u00een mod automat dreptul de a ob\u021bine Solu\u021biile de Creditare Oney, care r\u0103m\u00e2n condi\u021bionate de aprobarea Oney Bank pe baza analizei sale interne.<\/p>\n    <p>V\u0103 rug\u0103m s\u0103 re\u021bine\u021bi c\u0103 ulterior efectu\u0103rii verific\u0103rilor interne (in maximum 14 zile de la data accept\u0103rii electronice de c\u0103tre dvs. a ofertei de creditare \u0219i a Termenilor \u0219i Condi\u021biilor Generale) creditul v\u0103 poate fi refuzat.<\/p>\n    <p>Solu\u021biile de Creditare Oney sunt disponibile exclusiv pentru produsele \u0219i serviciile v\u00e2ndute online \u0219i sunt valabile pentru un credit de minimum 450 Lei \u0219i maxim 12.000 Lei.<\/p>\n    <p>Solu\u021biile de Creditare Oney sunt disponibile \u0219i rezervate doar persoanelor fizice majore (minimum 18 ani) av\u00e2nd capacitate de exerci\u021biu deplin\u0103 la data accept\u0103rii Termenilor \u0219i Condi\u021biilor Generale, care \u00eendeplinesc \u00een mod cumulativ urm\u0103toarele condi\u021bii: (i) sunt reziden\u021bi in Rom\u00e2nia (cet\u0103\u021beni rom\u00e2ni \u0219i cet\u0103\u021beni str\u0103ini reziden\u021bi rom\u00e2ni); (ii) sunt consumatori, \u00een \u00een\u021belesul legisla\u021biei aplicabile \u0219i, prin urmare, nu ac\u021bioneaz\u0103 \u00een scopuri de natur\u0103 profesional\u0103 sau comercial\u0103; (iii) de\u021bin un card de debit Visa sau Mastercard valabil (excluz\u00e2nd carduri prepl\u0103tite\/carduri care solicit\u0103 sistematic autoriz\u0103ri cum ar fi VISA Electron \u0219i Maestro), emise de o institu\u021bie de credit din Rom\u00e2nia sau de o sucursal\u0103 din Rom\u00e2nia a unei institu\u021bii de credit din UE, av\u00e2nd un termen de valabilitate ce dep\u0103\u0219e\u0219te cu mai mult de 2 luni de zile durata Solu\u021biei de Creditare Oney selectate sau de\u021bin orice alte metode de plat\u0103, a\u0219a cum sunt specificate acestea de Oney Bank. <\/p>\n    <p>Oney Bank este o institu\u021bie de credit franceza autorizata sa desf\u0103\u0219oare activit\u0103\u021bi de creditare si de plata de Autoritatea Francez\u0103 de Control Pruden\u021bial \u0219i Rezolu\u021bie (\u201cACPR\u201d), organizat\u0103 \u0219i func\u021bion\u00e2nd ca societate pe ac\u021biuni \u00een conformitate cu legisla\u021bia din Fran\u021ba, cu un capital social de 51.286.585 euro, \u00eenregistrat\u0103 \u00een Registrul Comer\u021bului \u0219i Societ\u0103\u021bilor din Lille Metropole sub num\u0103rul 546 380 197, cu sediul situat \u00een str. Avenue de Flandre, nr. 34, Croix (59170), adres\u0103 de email: <a href=\"mailto:serviciulclienti.ro@oney.com\">serviciulclienti.ro@oney.com<\/a>.<\/p>\n    <p>Oney Bank este supravegheat\u0103, \u00een primul r\u00e2nd, de autoritatea competent\u0103 francez\u0103, ACPR, precum \u0219i de Banca Na\u021bional\u0103 a Rom\u00e2niei (\u201cBNR\u201d) \u0219i furnizeaz\u0103 Solu\u021biile de Creditare Oney transfrontalier, f\u0103r\u0103 prezen\u021b\u0103 fizic\u0103 pe teritoriul Rom\u00e2niei (av\u00e2nd \u00een vedere natura exclusiv online a activit\u0103\u021bii de creditare), desf\u0103\u0219ur\u00e2nd activit\u0103\u021bi de creditare a consumatorilor \u00een Rom\u00e2nia \u00een condi\u021biile libert\u0103\u021bii de a furniza servicii \u00een conformitate cu prevederile Ordonan\u021bei Guvernului 99\/2006 privind institu\u021biile de credit \u0219i adecvarea capitalului, cu modific\u0103rile ulterioare, fiind \u00eenregistrat\u0103 \u00een registrul public al BNR cu privire la institu\u021biile de credit UE care au notificat prestarea de servicii \u00een mod direct \u00een Rom\u00e2nia, conform notific\u0103rii din 31\/10\/2019 (a se vedea lista BNR <a href=\"https:\/\/www.bnr.ro\/Registre-si-Liste-717.aspx#IC\" target=\"_blank\">https:\/\/www.bnr.ro\/Registre-si-Liste-717.aspx#IC<\/a>).<\/p>\n    <strong>Pentru mai multe detalii, accesa\u021bi urm\u0103torul link : <a href=\"https:\/\/oney-bank.ro\/3x-4x-oney\/\" target=\"_blank\">3x 4x Oney | Oney (oney-bank.ro)<\/a><\/strong><\/div>","protected":false},"excerpt":{"rendered":"","protected":false},"author":1,"featured_media":0,"parent":0,"menu_order":0,"comment_status":"closed","ping_status":"closed","template":"","meta":{"footnotes":""},"class_list":["post-1353","page","type-page","status-publish","hentry"],"_links":{"self":[{"href":"https:\/\/pubelesmart.ro\/en\/wp-json\/wp\/v2\/pages\/1353","targetHints":{"allow":["GET"]}}],"collection":[{"href":"https:\/\/pubelesmart.ro\/en\/wp-json\/wp\/v2\/pages"}],"about":[{"href":"https:\/\/pubelesmart.ro\/en\/wp-json\/wp\/v2\/types\/page"}],"author":[{"embeddable":true,"href":"https:\/\/pubelesmart.ro\/en\/wp-json\/wp\/v2\/users\/1"}],"replies":[{"embeddable":true,"href":"https:\/\/pubelesmart.ro\/en\/wp-json\/wp\/v2\/comments?post=1353"}],"version-history":[{"count":0,"href":"https:\/\/pubelesmart.ro\/en\/wp-json\/wp\/v2\/pages\/1353\/revisions"}],"wp:attachment":[{"href":"https:\/\/pubelesmart.ro\/en\/wp-json\/wp\/v2\/media?parent=1353"}],"curies":[{"name":"wp","href":"https:\/\/api.w.org\/{rel}","templated":true}]}}