{"id":195,"date":"2024-08-12T04:44:22","date_gmt":"2024-08-12T04:44:22","guid":{"rendered":"http:\/\/pubelesmart.ro\/?page_id=195"},"modified":"2024-09-28T08:19:55","modified_gmt":"2024-09-28T08:19:55","slug":"politica-de-cookies","status":"publish","type":"page","link":"http:\/\/pubelesmart.ro\/en\/politica-de-cookies\/","title":{"rendered":"Cookies policy"},"content":{"rendered":"<div data-elementor-type=\"wp-page\" data-elementor-id=\"195\" class=\"elementor elementor-195\" data-elementor-post-type=\"page\">\n\t\t\t\t\t\t<section class=\"has_eae_slider elementor-section elementor-top-section elementor-element elementor-element-ab5867d elementor-section-boxed elementor-section-height-default elementor-section-height-default\" data-id=\"ab5867d\" data-element_type=\"section\">\n\t\t\t\t\t\t<div class=\"elementor-container elementor-column-gap-default\">\n\t\t\t\t\t<div class=\"has_eae_slider elementor-column elementor-col-100 elementor-top-column elementor-element elementor-element-e614fe1\" data-id=\"e614fe1\" data-element_type=\"column\">\n\t\t\t<div class=\"elementor-widget-wrap elementor-element-populated\">\n\t\t\t\t\t\t<div class=\"elementor-element elementor-element-c3ed3ef elementor-widget elementor-widget-heading\" data-id=\"c3ed3ef\" data-element_type=\"widget\" data-widget_type=\"heading.default\">\n\t\t\t\t<div class=\"elementor-widget-container\">\n\t\t\t<h1 class=\"elementor-heading-title elementor-size-default\">Cookies policy<\/h1>\t\t<\/div>\n\t\t\t\t<\/div>\n\t\t\t\t<div class=\"elementor-element elementor-element-d0963c0 elementor-widget elementor-widget-text-editor\" data-id=\"d0963c0\" data-element_type=\"widget\" data-widget_type=\"text-editor.default\">\n\t\t\t\t<div class=\"elementor-widget-container\">\n\t\t\t\t\t\t\t<ol><li><p><strong>Ce este un cookie?<\/strong><\/p><p>Un cookie este un fi\u0219ier mic, format din litere \u0219i numere, care este desc\u0103rcat pe computerul dumneavoastr\u0103 atunci c\u00e2nd accesa\u021bi anumite site-uri web. Cookie-urile permit site-ului s\u0103 recunoasc\u0103 computerul utilizatorului \u0219i s\u0103 \u00eembun\u0103t\u0103\u021beasc\u0103 experien\u021ba de navigare.<\/p><p><strong>De ce folosim cookie-uri?<\/strong><\/p><p>Folosim cookie-uri \u0219i tehnologii similare pentru urm\u0103toarele scopuri:<\/p><ul><li><strong>Autentificare<\/strong>: Pentru a v\u0103 men\u021bine autentificat pe site.<\/li><li><strong>Memorarea preferin\u021belor<\/strong>: Pentru a salva op\u021biunile \u0219i preferin\u021bele selectate.<\/li><li><strong>Servicii personalizate<\/strong>: Pentru a v\u0103 oferi serviciile pentru care a\u021bi optat.<\/li><li><strong>Analiza utiliz\u0103rii site-ului<\/strong>: Pentru a \u00een\u021belege mai bine modul \u00een care utiliza\u021bi site-ul.<\/li><li><strong>Monitorizarea performan\u021belor<\/strong>: Pentru a analiza performan\u021bele site-ului \u0219i a face \u00eembun\u0103t\u0103\u021biri.<\/li><li><strong>Campanii de marketing<\/strong>: Pentru a evalua impactul campaniilor noastre de marketing.<\/li><li><strong>Securitate<\/strong>: Pentru a proteja site-ul \u00eempotriva tentativelor de fraud\u0103 \u0219i atacurilor cibernetice.<\/li><\/ul><p><strong>Tipuri de cookie-uri utilizate<\/strong><\/p><p>Cookie-urile utilizate pe site-ul nostru se \u00eempart \u00een dou\u0103 categorii principale:<\/p><ol><li><strong>First-party Cookies<\/strong>: Cookie-uri implementate de noi.<\/li><li><strong>Third-party Cookies<\/strong>: Cookie-uri implementate de companii ter\u021be ale c\u0103ror servicii le utiliz\u0103m. Nu avem acces la cookie-urile ter\u021bilor, iar ace\u0219tia nu pot accesa cookie-urile noastre.<\/li><\/ol><p><strong>Durata cookie-urilor<\/strong><\/p><p>Cookie-urile se p\u0103streaz\u0103 pe durate diferite, \u00een func\u021bie de scopul lor:<\/p><ul><li><strong>Cookie-uri de sesiune<\/strong>: Acestea sunt \u0219terse automat atunci c\u00e2nd \u00eenchide\u021bi browserul (ex: Google Chrome, Microsoft Edge, Mozilla Firefox, Safari).<\/li><li><strong>Cookie-uri persistente<\/strong>: Acestea r\u0103m\u00e2n pe dispozitivul dumneavoastr\u0103 \u0219i dup\u0103 ce \u00eenchide\u021bi browserul, pentru o perioad\u0103 specificat\u0103.<\/li><\/ul><p><strong>Categorii de cookie-uri utilizate pe site<\/strong><\/p><ol><li><strong>Cookie-uri esen\u021biale<\/strong>: Necesare pentru func\u021bionarea de baz\u0103 a site-ului, asigur\u00e2nd securitatea \u0219i accesul \u00een zonele private (ex: p\u0103strarea autentific\u0103rii).<\/li><li><strong>Cookie-uri de analiz\u0103<\/strong>: Ne ajut\u0103 s\u0103 \u00een\u021belegem cum utiliza\u021bi site-ul (ex: paginile accesate, timpul petrecut).<\/li><li><strong>Cookie-uri func\u021bionale<\/strong>: Memoreaz\u0103 preferin\u021bele personale (ex: limba aleas\u0103) pentru a \u00eembun\u0103t\u0103\u021bi experien\u021ba utilizatorului.<\/li><li><strong>Cookie-uri de marketing<\/strong>: Colecteaz\u0103 informa\u021bii despre eficien\u021ba campaniilor publicitare (ex: num\u0103rul de utilizatori care au accesat o reclam\u0103).<\/li><\/ol><\/li><\/ol>\t\t\t\t\t\t<\/div>\n\t\t\t\t<\/div>\n\t\t\t\t\t<\/div>\n\t\t<\/div>\n\t\t\t\t\t<\/div>\n\t\t<\/section>\n\t\t\t\t<\/div>","protected":false},"excerpt":{"rendered":"<p>Politica de cookies Ce este un cookie? Un cookie este un fi\u0219ier mic, format din litere \u0219i numere, care este desc\u0103rcat pe computerul dumneavoastr\u0103 atunci c\u00e2nd accesa\u021bi anumite site-uri web. Cookie-urile permit site-ului s\u0103 recunoasc\u0103 computerul utilizatorului \u0219i s\u0103 \u00eembun\u0103t\u0103\u021beasc\u0103 experien\u021ba de navigare. De ce folosim cookie-uri? Folosim cookie-uri \u0219i tehnologii similare pentru urm\u0103toarele scopuri: [&hellip;]<\/p>","protected":false},"author":1,"featured_media":0,"parent":0,"menu_order":0,"comment_status":"closed","ping_status":"closed","template":"","meta":{"footnotes":""},"class_list":["post-195","page","type-page","status-publish","hentry"],"_links":{"self":[{"href":"http:\/\/pubelesmart.ro\/en\/wp-json\/wp\/v2\/pages\/195","targetHints":{"allow":["GET"]}}],"collection":[{"href":"http:\/\/pubelesmart.ro\/en\/wp-json\/wp\/v2\/pages"}],"about":[{"href":"http:\/\/pubelesmart.ro\/en\/wp-json\/wp\/v2\/types\/page"}],"author":[{"embeddable":true,"href":"http:\/\/pubelesmart.ro\/en\/wp-json\/wp\/v2\/users\/1"}],"replies":[{"embeddable":true,"href":"http:\/\/pubelesmart.ro\/en\/wp-json\/wp\/v2\/comments?post=195"}],"version-history":[{"count":7,"href":"http:\/\/pubelesmart.ro\/en\/wp-json\/wp\/v2\/pages\/195\/revisions"}],"predecessor-version":[{"id":932,"href":"http:\/\/pubelesmart.ro\/en\/wp-json\/wp\/v2\/pages\/195\/revisions\/932"}],"wp:attachment":[{"href":"http:\/\/pubelesmart.ro\/en\/wp-json\/wp\/v2\/media?parent=195"}],"curies":[{"name":"wp","href":"https:\/\/api.w.org\/{rel}","templated":true}]}}