{"id":190,"date":"2024-08-12T04:43:33","date_gmt":"2024-08-12T04:43:33","guid":{"rendered":"http:\/\/pubelesmart.ro\/?page_id=190"},"modified":"2024-11-13T17:04:44","modified_gmt":"2024-11-13T17:04:44","slug":"politica-de-retur","status":"publish","type":"page","link":"http:\/\/pubelesmart.ro\/en\/politica-de-retur\/","title":{"rendered":"Return policy"},"content":{"rendered":"<div data-elementor-type=\"wp-page\" data-elementor-id=\"190\" class=\"elementor elementor-190\" data-elementor-post-type=\"page\">\n\t\t\t\t\t\t<section class=\"has_eae_slider elementor-section elementor-top-section elementor-element elementor-element-196a00d elementor-section-boxed elementor-section-height-default elementor-section-height-default\" data-id=\"196a00d\" data-element_type=\"section\">\n\t\t\t\t\t\t<div class=\"elementor-container elementor-column-gap-default\">\n\t\t\t\t\t<div class=\"has_eae_slider elementor-column elementor-col-100 elementor-top-column elementor-element elementor-element-d2b2910\" data-id=\"d2b2910\" data-element_type=\"column\">\n\t\t\t<div class=\"elementor-widget-wrap elementor-element-populated\">\n\t\t\t\t\t\t<div class=\"elementor-element elementor-element-c7ec1b5 elementor-widget elementor-widget-heading\" data-id=\"c7ec1b5\" data-element_type=\"widget\" data-widget_type=\"heading.default\">\n\t\t\t\t<div class=\"elementor-widget-container\">\n\t\t\t<h1 class=\"elementor-heading-title elementor-size-default\">Return policy<\/h1>\t\t<\/div>\n\t\t\t\t<\/div>\n\t\t\t\t<div class=\"elementor-element elementor-element-57bce00 elementor-widget elementor-widget-text-editor\" data-id=\"57bce00\" data-element_type=\"widget\" data-widget_type=\"text-editor.default\">\n\t\t\t\t<div class=\"elementor-widget-container\">\n\t\t\t\t\t\t\t<p>Consumatorul are dreptul s\u0103 notifice \u00een scris comerciantului c\u0103 renun\u021b\u0103 la cump\u0103rare, f\u0103r\u0103 penalit\u0103\u021bi \u0219i f\u0103r\u0103 a invoca un motiv, \u00een termen de 10 zile lucr\u0103toare de la primirea produsului.<\/p><p><strong>Condi\u021bii de returnare<\/strong><\/p><ol><li><strong>Termen<\/strong>: Pute\u021bi returna orice produs comandat din magazinul nostru virtual \u00een termen de 10 zile, f\u0103r\u0103 penalit\u0103\u021bi \u0219i f\u0103r\u0103 a fi nevoie s\u0103 explica\u021bi motivul.<\/li><li><strong>Modalitate<\/strong>: Denun\u021barea contractului se face exclusiv \u00een scris.<\/li><li><strong>Stare produs<\/strong>: Produsul trebuie s\u0103 fie \u00een aceea\u0219i stare \u00een care a fost livrat, cu ambalajul original \u0219i documentele care l-au \u00eenso\u021bit.<\/li><li><strong>Restituirea sumelor<\/strong>: Contravaloarea comenzii va fi restituit\u0103 \u00een termen de 30 de zile de la returnare, fie \u00een contul dumneavoastr\u0103, fie prin mandat po\u0219tal. Cheltuielile de returnare vor fi suportate de cump\u0103r\u0103tor. Cheltuielile de transport \u0219i asigurare nu se restituie.<\/li><li><strong>Produse neeligibile<\/strong>: Nu pute\u021bi returna produse care au fost deteriorate din vina dumneavoastr\u0103 sau produse personalizate la cererea expres\u0103 a clientului.<\/li><\/ol><p><strong>Returnarea produselor gre\u0219ite<\/strong><\/p><p>Dac\u0103 a\u021bi primit un produs diferit de cel comandat, \u00eel pute\u021bi returna. \u00cen acest caz,\u00a0<b>CLEANSONIX S.R.L<\/b><span style=\"color: rgba(0, 0, 0, 0); font-family: var( --e-global-typography-primary-font-family ), Sans-serif;\"><span style=\"font-weight: var( --e-global-typography-primary-font-weight );\">.\u00a0<\/span><\/span><span style=\"color: var( --e-global-color-primary ); font-family: var( --e-global-typography-primary-font-family ), Sans-serif; font-size: var( --e-global-typography-primary-font-size ); font-weight: var( --e-global-typography-primary-font-weight );\">va suporta toate cheltuielile de transport \u0219i v\u0103 va trimite produsul corect imediat ce primim coletul. Dac\u0103 produsul nu mai este \u00een stoc, vi se va returna integral contravaloarea acestuia sau ve\u021bi putea selecta alte produse de pe site, \u00een limita sumei pl\u0103tite.<\/span><\/p><p><strong>Returnarea pentru schimb<\/strong><\/p><p>Dac\u0103 a\u021bi comandat gre\u0219it un model, pute\u021bi returna produsul pentru schimb, cu condi\u021bia ca produsul \u0219i ambalajul s\u0103 fie nedesf\u0103cute \u0219i nedeteriorate. \u00cen acest caz, taxele de transport vor fi suportate de dumneavoastr\u0103.<\/p><p><strong>Instruc\u021biuni de returnare<\/strong><\/p><p>Pentru a returna un produs, v\u0103 rug\u0103m s\u0103 ne contacta\u021bi la\u00a0<strong>contact@pubelesmart.ro<\/strong>. Ve\u021bi primi instruc\u021biuni privind expedierea coletului. Taxele de transport pentru returnare vor fi suportate de dumneavoastr\u0103.<\/p>\t\t\t\t\t\t<\/div>\n\t\t\t\t<\/div>\n\t\t\t\t\t<\/div>\n\t\t<\/div>\n\t\t\t\t\t<\/div>\n\t\t<\/section>\n\t\t\t\t<\/div>","protected":false},"excerpt":{"rendered":"<p>Politica de retur Consumatorul are dreptul s\u0103 notifice \u00een scris comerciantului c\u0103 renun\u021b\u0103 la cump\u0103rare, f\u0103r\u0103 penalit\u0103\u021bi \u0219i f\u0103r\u0103 a invoca un motiv, \u00een termen de 10 zile lucr\u0103toare de la primirea produsului. Condi\u021bii de returnare Termen: Pute\u021bi returna orice produs comandat din magazinul nostru virtual \u00een termen de 10 zile, f\u0103r\u0103 penalit\u0103\u021bi \u0219i f\u0103r\u0103 [&hellip;]<\/p>","protected":false},"author":1,"featured_media":0,"parent":0,"menu_order":0,"comment_status":"closed","ping_status":"closed","template":"","meta":{"footnotes":""},"class_list":["post-190","page","type-page","status-publish","hentry"],"_links":{"self":[{"href":"http:\/\/pubelesmart.ro\/en\/wp-json\/wp\/v2\/pages\/190","targetHints":{"allow":["GET"]}}],"collection":[{"href":"http:\/\/pubelesmart.ro\/en\/wp-json\/wp\/v2\/pages"}],"about":[{"href":"http:\/\/pubelesmart.ro\/en\/wp-json\/wp\/v2\/types\/page"}],"author":[{"embeddable":true,"href":"http:\/\/pubelesmart.ro\/en\/wp-json\/wp\/v2\/users\/1"}],"replies":[{"embeddable":true,"href":"http:\/\/pubelesmart.ro\/en\/wp-json\/wp\/v2\/comments?post=190"}],"version-history":[{"count":25,"href":"http:\/\/pubelesmart.ro\/en\/wp-json\/wp\/v2\/pages\/190\/revisions"}],"predecessor-version":[{"id":1685,"href":"http:\/\/pubelesmart.ro\/en\/wp-json\/wp\/v2\/pages\/190\/revisions\/1685"}],"wp:attachment":[{"href":"http:\/\/pubelesmart.ro\/en\/wp-json\/wp\/v2\/media?parent=190"}],"curies":[{"name":"wp","href":"https:\/\/api.w.org\/{rel}","templated":true}]}}