{"id":185,"date":"2024-08-12T04:38:05","date_gmt":"2024-08-12T04:38:05","guid":{"rendered":"http:\/\/pubelesmart.ro\/?page_id=185"},"modified":"2024-11-13T17:04:10","modified_gmt":"2024-11-13T17:04:10","slug":"politica-de-livrare","status":"publish","type":"page","link":"http:\/\/pubelesmart.ro\/en\/politica-de-livrare\/","title":{"rendered":"Delivery policy"},"content":{"rendered":"<div data-elementor-type=\"wp-page\" data-elementor-id=\"185\" class=\"elementor elementor-185\" data-elementor-post-type=\"page\">\n\t\t\t\t\t\t<section class=\"has_eae_slider elementor-section elementor-top-section elementor-element elementor-element-7951da3 elementor-section-boxed elementor-section-height-default elementor-section-height-default\" data-id=\"7951da3\" data-element_type=\"section\">\n\t\t\t\t\t\t<div class=\"elementor-container elementor-column-gap-default\">\n\t\t\t\t\t<div class=\"has_eae_slider elementor-column elementor-col-100 elementor-top-column elementor-element elementor-element-bce6b28\" data-id=\"bce6b28\" data-element_type=\"column\">\n\t\t\t<div class=\"elementor-widget-wrap elementor-element-populated\">\n\t\t\t\t\t\t<div class=\"elementor-element elementor-element-e4410fc elementor-widget elementor-widget-heading\" data-id=\"e4410fc\" data-element_type=\"widget\" data-widget_type=\"heading.default\">\n\t\t\t\t<div class=\"elementor-widget-container\">\n\t\t\t<h1 class=\"elementor-heading-title elementor-size-default\">Delivery policy<\/h1>\t\t<\/div>\n\t\t\t\t<\/div>\n\t\t\t\t\t<\/div>\n\t\t<\/div>\n\t\t\t\t\t<\/div>\n\t\t<\/section>\n\t\t\t\t<section class=\"has_eae_slider elementor-section elementor-top-section elementor-element elementor-element-fc4ce35 elementor-section-boxed elementor-section-height-default elementor-section-height-default\" data-id=\"fc4ce35\" data-element_type=\"section\">\n\t\t\t\t\t\t<div class=\"elementor-container elementor-column-gap-default\">\n\t\t\t\t\t<div class=\"has_eae_slider elementor-column elementor-col-100 elementor-top-column elementor-element elementor-element-96edd71\" data-id=\"96edd71\" data-element_type=\"column\">\n\t\t\t<div class=\"elementor-widget-wrap elementor-element-populated\">\n\t\t\t\t\t\t<div class=\"elementor-element elementor-element-99402e3 elementor-widget elementor-widget-text-editor\" data-id=\"99402e3\" data-element_type=\"widget\" data-widget_type=\"text-editor.default\">\n\t\t\t\t<div class=\"elementor-widget-container\">\n\t\t\t\t\t\t\t<p><strong>Timpul de livrare<\/strong>:<br \/>Pentru comenzile din afara locarit\u0103\u021bii Horia \u0219i a jude\u021bului Arad, produsele vor fi livrate \u00een termen de 48-72 de ore din momentul \u00een care comanda \u0219i plata au fost confirmate. \u00cen cazul pl\u0103\u021bilor prin virament bancar, livrarea se va calcula din momentul \u00een care suma integral\u0103 a intrat \u00een contul\u00a0<b>CLEANSONIX S.R.L<\/b><\/p><p><strong>Metode de livrare<\/strong>:<br \/>Livrarea produselor se poate face fie prin curierii no\u0219tri proprii, fie prin firme specializate de curierat, \u00een func\u021bie de alegerea ta. Produsele sunt ambalate cu grij\u0103 pentru a asigura siguran\u021ba acestora pe durata transportului.<\/p><p><strong>Costuri de transport<\/strong>:<br \/>Transportul este\u00a0<strong>gratuit<\/strong>\u00a0pentru comenzile mai mari de\u00a0<strong>192 lei<\/strong>. Pentru comenzile sub acest prag, se percepe o tax\u0103 fix\u0103 de\u00a0<strong>25 lei<\/strong>\u00a0pentru livrare. Costurile aferente transportului vor fi afi\u0219ate clar \u00een factura proform\u0103, al\u0103turi de costul produselor achizi\u021bionate.<\/p><p><strong>Livrarea comenzilor<\/strong>:<br \/>Comenzile se livreaz\u0103 \u00een toat\u0103 \u021bara, iar produsele sunt asigurate pe parcursul \u00eentregii livr\u0103ri. \u00cen cazul \u00een care nu te putem contacta la data \u0219i ora stabilite pentru livrare, vei fi apelat la num\u0103rul de telefon furnizat \u00een comand\u0103. Dac\u0103 nu putem finaliza livrarea, vom p\u0103stra produsele timp de 3 zile lucr\u0103toare \u0219i te vom contacta din nou pentru a reprograma livrarea. Dup\u0103 aceste \u00eencerc\u0103ri, comanda va fi anulat\u0103.<\/p><p><strong>Excep\u021bii<\/strong>:<br \/>\u00cen situa\u021bii excep\u021bionale, cum ar fi lipsa temporar\u0103 a produsului din stoc sau \u00eent\u00e2rzieri cauzate de factori de transport, ne rezerv\u0103m dreptul de a extinde termenul de livrare. \u00cen aceste cazuri, vei fi informat din timp.<\/p><p><strong>Politici de livrare specifice<\/strong>:<\/p><div title=\"Page 1\"><div><div><p><b>CLEANSONIX S.R.L<\/b>\u00ee\u0219i rezerv\u0103 dreptul de a refuza comenzi sau livr\u0103ri c\u0103tre anumite loca\u021bii sau clien\u021bi, dac\u0103 exist\u0103 motive \u00eentemeiate.<\/p><\/div><\/div><\/div>\t\t\t\t\t\t<\/div>\n\t\t\t\t<\/div>\n\t\t\t\t\t<\/div>\n\t\t<\/div>\n\t\t\t\t\t<\/div>\n\t\t<\/section>\n\t\t\t\t<\/div>","protected":false},"excerpt":{"rendered":"<p>Politica de livrare Timpul de livrare:Pentru comenzile din afara locarit\u0103\u021bii Horia \u0219i a jude\u021bului Arad, produsele vor fi livrate \u00een termen de 48-72 de ore din momentul \u00een care comanda \u0219i plata au fost confirmate. \u00cen cazul pl\u0103\u021bilor prin virament bancar, livrarea se va calcula din momentul \u00een care suma integral\u0103 a intrat \u00een contul\u00a0CLEANSONIX [&hellip;]<\/p>","protected":false},"author":1,"featured_media":0,"parent":0,"menu_order":0,"comment_status":"closed","ping_status":"closed","template":"","meta":{"footnotes":""},"class_list":["post-185","page","type-page","status-publish","hentry"],"_links":{"self":[{"href":"http:\/\/pubelesmart.ro\/en\/wp-json\/wp\/v2\/pages\/185","targetHints":{"allow":["GET"]}}],"collection":[{"href":"http:\/\/pubelesmart.ro\/en\/wp-json\/wp\/v2\/pages"}],"about":[{"href":"http:\/\/pubelesmart.ro\/en\/wp-json\/wp\/v2\/types\/page"}],"author":[{"embeddable":true,"href":"http:\/\/pubelesmart.ro\/en\/wp-json\/wp\/v2\/users\/1"}],"replies":[{"embeddable":true,"href":"http:\/\/pubelesmart.ro\/en\/wp-json\/wp\/v2\/comments?post=185"}],"version-history":[{"count":31,"href":"http:\/\/pubelesmart.ro\/en\/wp-json\/wp\/v2\/pages\/185\/revisions"}],"predecessor-version":[{"id":1679,"href":"http:\/\/pubelesmart.ro\/en\/wp-json\/wp\/v2\/pages\/185\/revisions\/1679"}],"wp:attachment":[{"href":"http:\/\/pubelesmart.ro\/en\/wp-json\/wp\/v2\/media?parent=185"}],"curies":[{"name":"wp","href":"https:\/\/api.w.org\/{rel}","templated":true}]}}