{"id":177,"date":"2024-08-12T04:33:32","date_gmt":"2024-08-12T04:33:32","guid":{"rendered":"http:\/\/pubelesmart.ro\/?page_id=177"},"modified":"2024-11-13T17:03:31","modified_gmt":"2024-11-13T17:03:31","slug":"termeni-si-conditii","status":"publish","type":"page","link":"http:\/\/pubelesmart.ro\/en\/termeni-si-conditii\/","title":{"rendered":"Terms and conditions"},"content":{"rendered":"<div data-elementor-type=\"wp-page\" data-elementor-id=\"177\" class=\"elementor elementor-177\" data-elementor-post-type=\"page\">\n\t\t\t\t\t\t<section class=\"has_eae_slider elementor-section elementor-top-section elementor-element elementor-element-7c59e6e elementor-section-boxed elementor-section-height-default elementor-section-height-default\" data-id=\"7c59e6e\" data-element_type=\"section\">\n\t\t\t\t\t\t<div class=\"elementor-container elementor-column-gap-default\">\n\t\t\t\t\t<div class=\"has_eae_slider elementor-column elementor-col-100 elementor-top-column elementor-element elementor-element-4f4e260\" data-id=\"4f4e260\" data-element_type=\"column\">\n\t\t\t<div class=\"elementor-widget-wrap elementor-element-populated\">\n\t\t\t\t\t\t<div class=\"elementor-element elementor-element-34060ea elementor-widget elementor-widget-heading\" data-id=\"34060ea\" data-element_type=\"widget\" data-widget_type=\"heading.default\">\n\t\t\t\t<div class=\"elementor-widget-container\">\n\t\t\t<h1 class=\"elementor-heading-title elementor-size-default\">Terms and conditions<\/h1>\t\t<\/div>\n\t\t\t\t<\/div>\n\t\t\t\t<div class=\"elementor-element elementor-element-3946f13 elementor-widget elementor-widget-text-editor\" data-id=\"3946f13\" data-element_type=\"widget\" data-widget_type=\"text-editor.default\">\n\t\t\t\t<div class=\"elementor-widget-container\">\n\t\t\t\t\t\t\t<ol><li><ol><li><strong> Acceptarea acordului<\/strong><\/li><\/ol><p>Prin accesarea \u0219i utilizarea site-ului <b>CLEANSONIX S.R.L<\/b>, utilizatorul (persoan\u0103 fizic\u0103 sau juridic\u0103) accept\u0103 \u00een mod implicit termenii \u0219i condi\u021biile prezentate \u00een acest document.<\/p><ol start=\"2\"><li><strong> Obliga\u021biile\u00a0<\/strong><b>CLEANSONIX S.R.L<\/b><\/li><\/ol><p><span style=\"background-color: transparent;\"><b>CLEANSONIX S.R.L<\/b><\/span>se angajeaz\u0103 s\u0103 ofere utilizatorilor produse de calitate, livrare prompt\u0103 \u0219i comunicare eficient\u0103. Informa\u021biile de pe site, inclusiv articolele, descrierile \u0219i imaginile, au caracter informativ \u0219i nu pot fi reproduse f\u0103r\u0103 acordul prealabil al autorului. Ne rezerv\u0103m dreptul de a modifica con\u021binutul site-ului f\u0103r\u0103 notificare prealabil\u0103.<\/p><ol start=\"3\"><li><strong> Obliga\u021biile utilizatorului<\/strong><\/li><\/ol><p>Utilizatorul are obliga\u021bia de a furniza date corecte \u0219i complete, \u00een special pentru onorarea comenzilor. Orice reclama\u021bie sau observa\u021bie referitoare la produsele oferite de <b>CLEANSONIX S.R.L<\/b>\u00a0trebuie comunicat\u0103 \u00een scris.<\/p><ol start=\"4\"><li><strong> Cum cump\u0103r?<\/strong><\/li><\/ol><p>Pentru a achizi\u021biona produse, utilizatorii pot alege una dintre urm\u0103toarele op\u021biuni:<\/p><ul><li>Se pot \u00eenregistra pe site \u0219i utiliza co\u0219ul de cump\u0103r\u0103turi.<\/li><li>Pot contacta telefonic echipa noastr\u0103 pentru asisten\u021b\u0103.<\/li><\/ul><ol start=\"5\"><li><strong> Livrare \u0219i returnare<\/strong><\/li><\/ol><p>Informa\u021biile referitoare la livrare \u0219i returnare pot fi g\u0103site pe pagina &#8222;Politica de Livrare&#8221;. Oferim o garan\u021bie de returnare a produselor \u00een maxim 10 zile, cu condi\u021bia ca solicitarea s\u0103 fie comunicat\u0103 \u00een scris \u00eenainte de returnare.<\/p><ol start=\"6\"><li><strong> Plata<\/strong><\/li><\/ol><p>Informa\u021biile despre pre\u021burile produselor \u0219i costurile de transport sunt disponibile pe site \u0219i \u00een formularul de comand\u0103. Plata se va efectua online, prin card, iar toate pre\u021burile includ TVA de 19%. Acestea pot fi modificate f\u0103r\u0103 notificare prealabil\u0103.<\/p><ol start=\"7\"><li><strong> Securitatea datelor<\/strong><\/li><\/ol><p><span style=\"background-color: transparent;\"><b>CLEANSONIX S.R.L<\/b><\/span>\u00a0respect\u0103 confiden\u021bialitatea datelor utilizatorilor. Anumite date, cum ar fi IP-ul sau tipul browserului, pot fi colectate automat. Datele personale sunt colectate doar cu consim\u021b\u0103m\u00e2ntul utilizatorilor \u0219i nu vor fi divulgate ter\u021bilor. Utilizatorii pot modifica datele personale oric\u00e2nd.<\/p><ol start=\"8\"><li><strong> Legisla\u021bie aplicabil\u0103<\/strong><\/li><\/ol><p><span style=\"background-color: transparent;\"><b>CLEANSONIX S.R.L<\/b><\/span>\u00ee\u0219i propune s\u0103 rezolve orice disput\u0103 pe cale amiabil\u0103. \u00cen cazul \u00een care acest lucru nu este posibil, se vor aplica prevederile legisla\u021biei rom\u00e2ne.<\/p><\/li><\/ol>\t\t\t\t\t\t<\/div>\n\t\t\t\t<\/div>\n\t\t\t\t\t<\/div>\n\t\t<\/div>\n\t\t\t\t\t<\/div>\n\t\t<\/section>\n\t\t\t\t<\/div>","protected":false},"excerpt":{"rendered":"<p>Termeni \u0219i condi\u021bii Acceptarea acordului Prin accesarea \u0219i utilizarea site-ului CLEANSONIX S.R.L, utilizatorul (persoan\u0103 fizic\u0103 sau juridic\u0103) accept\u0103 \u00een mod implicit termenii \u0219i condi\u021biile prezentate \u00een acest document. Obliga\u021biile\u00a0CLEANSONIX S.R.L CLEANSONIX S.R.Lse angajeaz\u0103 s\u0103 ofere utilizatorilor produse de calitate, livrare prompt\u0103 \u0219i comunicare eficient\u0103. Informa\u021biile de pe site, inclusiv articolele, descrierile \u0219i imaginile, au caracter [&hellip;]<\/p>","protected":false},"author":1,"featured_media":0,"parent":0,"menu_order":0,"comment_status":"closed","ping_status":"closed","template":"","meta":{"footnotes":""},"class_list":["post-177","page","type-page","status-publish","hentry"],"_links":{"self":[{"href":"http:\/\/pubelesmart.ro\/en\/wp-json\/wp\/v2\/pages\/177","targetHints":{"allow":["GET"]}}],"collection":[{"href":"http:\/\/pubelesmart.ro\/en\/wp-json\/wp\/v2\/pages"}],"about":[{"href":"http:\/\/pubelesmart.ro\/en\/wp-json\/wp\/v2\/types\/page"}],"author":[{"embeddable":true,"href":"http:\/\/pubelesmart.ro\/en\/wp-json\/wp\/v2\/users\/1"}],"replies":[{"embeddable":true,"href":"http:\/\/pubelesmart.ro\/en\/wp-json\/wp\/v2\/comments?post=177"}],"version-history":[{"count":37,"href":"http:\/\/pubelesmart.ro\/en\/wp-json\/wp\/v2\/pages\/177\/revisions"}],"predecessor-version":[{"id":1673,"href":"http:\/\/pubelesmart.ro\/en\/wp-json\/wp\/v2\/pages\/177\/revisions\/1673"}],"wp:attachment":[{"href":"http:\/\/pubelesmart.ro\/en\/wp-json\/wp\/v2\/media?parent=177"}],"curies":[{"name":"wp","href":"https:\/\/api.w.org\/{rel}","templated":true}]}}